{"id":49,"date":"2025-05-24T14:08:59","date_gmt":"2025-05-24T12:08:59","guid":{"rendered":"https:\/\/aeon-z.com\/?page_id=49"},"modified":"2026-02-18T13:18:33","modified_gmt":"2026-02-18T12:18:33","slug":"impressum","status":"publish","type":"page","link":"https:\/\/aeon-z.org\/?page_id=49","title":{"rendered":"IMPRESSUM"},"content":{"rendered":"\r\n<div data-label=\"Cta\" data-id=\"cta--1\" data-export-id=\"cta-4-materialis\" data-category=\"cta\" class=\"cta-4m content-section content-section-spacing-large\" id=\"cta-1\" style=\"background-color: #ffffff;\" data-section-ov=\"1\">\r\n<div class=\"gridContainer\">\r\n<div class=\"row text-center\">\r\n<div class=\"section-title-col\" data-type=\"column\" style=\"text-align: left;\">\r\n<h2 class=\"\" style=\"text-align: left;\"><span style=\"font-family: arial, helvetica, sans-serif; font-weight: 600; color: #000000;\">Angaben gem\u00e4\u00df \u00a7 5 Digitale-Dienste-Gesetz (DDG)<\/span><\/h2>\r\n<p class=\"\" style=\"text-align: left;\"><span style=\"font-family: arial, helvetica, sans-serif; color: #000000;\"><\/span><\/p>\r\n<p class=\"\" style=\"text-align: left;\"><span style=\"font-weight: 600; font-family: arial, helvetica, sans-serif; color: #000000;\">\u00c6ON-Z e.V.<\/span><br \/><span style=\"font-family: arial, helvetica, sans-serif; color: #000000;\">Amtsgericht Stuttgart, VR 727126<\/span><\/p>\r\n<p style=\"text-align: left;\" class=\"\"><span style=\"font-family: arial, helvetica, sans-serif; color: #000000;\">Vorstand: Wolfgang Koestner<\/span><br \/><span style=\"font-family: arial, helvetica, sans-serif; color: #000000;\">Stv. Vorstand: Tomas Helm<\/span><br \/><span style=\"font-family: arial, helvetica, sans-serif; color: #000000;\">Schatzmeister: J\u00f6rg Nubert<\/span><br \/><br \/><span style=\"color: #000000; font-family: arial, helvetica, sans-serif;\">Postfach (folgt)<\/span><br \/><span style=\"color: #000000; font-family: arial, helvetica, sans-serif;\">Ob. Bachstr. 55<\/span><br \/><span style=\"color: #000000; font-family: arial, helvetica, sans-serif;\">70794 Filderstadt<\/span><br \/><br \/><span style=\"font-weight: bold; font-family: arial, helvetica, sans-serif; color: #000000;\">Kontakt<\/span><br \/><span style=\"font-family: arial, helvetica, sans-serif; color: #000000;\"> +49 152 52192444 <br \/><\/span><a href=\"mailto:mail@aeon-z.org\">mail [at] aeon-z.org<\/a><br \/><br \/><span style=\"font-weight: bold; color: #000000; font-family: arial, helvetica, sans-serif;\">Verantwortlich f\u00fcr den Inhalt nach \u00a7 18 Abs. 2 MStV<\/span><br \/><span style=\"color: #000000; font-family: arial, helvetica, sans-serif;\">Robert K. Falck<\/span><br \/><a href=\"mailto:rkfalck2010@gmail.com\">rkfalck2010 [at] gmail.com<\/a><br \/><br \/><span style=\"font-weight: 600; color: #000000; font-family: arial, helvetica, sans-serif;\">Transparenzhinweis <\/span><br \/><span style=\"color: #000000; font-family: arial, helvetica, sans-serif;\">Die Vorstandsmitglieder des Vereins \u00c6ON-Z e.V. sind weder Mitglieder noch Funktion\u00e4re einer politischen Partei, weder Angeh\u00f6rige eines religi\u00f6sen Bekenntnisses noch einer sonstigen weltanschaulich gebundenen Institution. Dar\u00fcber hinaus setzen sich der Verein und seine Mitglieder proaktiv f\u00fcr die b\u00fcrgerlichen Freiheitswerte ein, vor allem f\u00fcr die Freiheit des Denkens und der Meinungs\u00e4u\u00dferung (insbesondere jedoch f\u00fcr die Freiheit der Religions-, Ideologie- und Weltanschauungskritik), die Freiheit von Forschung, Wissenschaft, Lehre und Kunst, die freie Berufswahl, die Informationsfreiheit sowie die Presse- und Versammlungsfreiheit. <\/span><br \/><br \/><span style=\"font-weight: 600; color: #000000; font-family: arial, helvetica, sans-serif;\">Zensur <\/span><br \/><span style=\"color: #000000; font-family: arial, helvetica, sans-serif;\">Die um sich greifende Zensur in der EU hat das Ziel, kritische Informationsquellen, kritische Gedanken und Meinungen zum Schweigen zu bringen. Es ist nicht auszuschlie\u00dfen, dass es auch diese Website mit ihren kritisch-rationalen, gegen Wahn, Aberglaube und Irrationalismus gerichteten Inhalten irgendwann treffen k\u00f6nnte. Solche St\u00f6rversuche lassen sich umgehen. Mit den nachfolgenden Adressen k\u00f6nnen Sie diese Website auch nach einer Sperre der Haupt-Domain erreichen:<\/span><br \/><br \/><span style=\"font-family: arial, helvetica, sans-serif; color: #000000;\">https:\/\/aeon-z.org <br \/>https:\/\/aeon-z.com<\/span><br \/><span style=\"color: #000000; font-family: arial, helvetica, sans-serif;\">https:\/\/infodienst.info<\/span><br \/><br \/><span style=\"color: #000000; font-family: arial, helvetica, sans-serif;\">Wir empfehlen, diese Adressen als Lesezeichen zu speichern.<\/span><br \/><br \/><span style=\"font-weight: bold; color: #000000; font-family: arial, helvetica, sans-serif;\">\u00a9 Copyright 2025 \u2013 Urheberrechtshinweis <\/span><br \/><br \/><span style=\"font-family: arial, helvetica, sans-serif;\"><span style=\"color: #000000;\">Alle Inhalte dieser Webseite, insbesondere die Themen- und Infolandkarten, Texte, Fotografien und Grafiken, sind urheberrechtlich gesch\u00fctzt. Das Urheberrecht liegt f\u00fcr Fotos und Illustrationen, soweit nicht ausdr\u00fccklich anders gekennzeichnet, bei Pixabay (<\/span><a href=\"https:\/\/pixabay.com\/de\/service\/terms\" class=\"\">pixabay.com<\/a><span style=\"color: #000000;\">), f\u00fcr alles Weitere bei \u00c6ON-Z e.V. und\/oder\u00a0<a href=\"https:\/\/infodienst.info\" class=\"\">\u203aInfodienst fut\u016brum\u2039<\/a>. Das <a href=\"https:\/\/de.m.wikipedia.org\/wiki\/Datei:S%C3%A4nger_II_Spaceshuttle_Model,_k%C3%BCnstlerische_Darstellung.png\" class=\"\">Bild<\/a> \u00bb<span style=\"font-style: italic;\">Die K\u00fcnstlerische Darstellung des Spaceshuttle Models der S\u00e4nger II von Eugen S\u00e4nger<\/span>\u00ab ist auf Wikipedia unter der Creative-Commons-<a href=\"https:\/\/de.wikipedia.org\/wiki\/Creative_Commons\" class=\"\">Lizenz<\/a> CC BY-SA 3.0 lizenziert. Bitte fragen Sie den Rechteinhaber per<\/span> <a href=\"mailto:infodienst.de@protonmail.com\">E-Mail<\/a><span style=\"color: #000000;\">, falls Sie Inhalte dieses Internetangebotes verwenden m\u00f6chten.<\/span><\/span><\/p>\r\n<p class=\"\" style=\"text-align: left;\"><span style=\"font-family: arial, helvetica, sans-serif;\"><span style=\"color: #000000;\">Siehe auch\/see also:<\/span> <a href=\"https:\/\/aeon-z.com?page_id=53\" class=\"\">Mission<\/a><\/span><\/p>\r\n<h5 class=\"\" style=\"text-align: left;\"><span style=\"color: #000000;\"><b>Haftungsausschluss.<\/b><\/span><\/h5>\r\n<p class=\"\" style=\"text-align: left;\"><span style=\"font-weight: bold; font-family: arial, helvetica, sans-serif; color: #000000;\">Haftung f\u00fcr Links<\/span><br \/><span style=\"font-family: arial, helvetica, sans-serif; color: #000000;\">Unser Angebot enth\u00e4lt Links zu externen Webseiten Dritter, auf deren Inhalte wir keinen Einfluss haben. Deshalb k\u00f6nnen wir f\u00fcr diese fremden Inhalte auch keine Gew\u00e4hr \u00fcbernehmen. F\u00fcr die Inhalte der verlinkten Seiten ist stets der jeweilige Anbieter oder Betreiber der Seiten verantwortlich. Die verlinkten Seiten wurden zum Zeitpunkt der Verlinkung auf m\u00f6gliche Rechtsverst\u00f6\u00dfe \u00fcberpr\u00fcft. Rechtswidrige Inhalte waren zum Zeitpunkt der Verlinkung nicht erkennbar. Eine permanente inhaltliche Kontrolle der verlinkten Seiten ist jedoch ohne konkrete Anhaltspunkte einer Rechtsverletzung nicht zumutbar. Bei Bekanntwerden von Rechtsverletzungen werden wir derartige Links umgehend entfernen.<\/span><br \/><br \/><span style=\"font-weight: bold; color: #000000; font-family: arial, helvetica, sans-serif;\">Urheberrecht (s. oben)<\/span><br \/><span style=\"font-family: arial, helvetica, sans-serif; color: #000000;\">Die durch die Seitenbetreiber erstellten Inhalte und Werke auf diesen Seiten unterliegen dem deutschen Urheberrecht. Die Vervielf\u00e4ltigung, Bearbeitung, Verbreitung und jede Art der Verwertung au\u00dferhalb der Grenzen des Urheberrechtes bed\u00fcrfen der schriftlichen Zustimmung des jeweiligen Autors bzw. Erstellers. Downloads und Kopien dieser Seite sind nur f\u00fcr den privaten, nicht kommerziellen Gebrauch gestattet. Soweit die Inhalte auf dieser Seite nicht vom Betreiber erstellt wurden, werden die Urheberrechte Dritter beachtet. Insbesondere werden Inhalte Dritter als solche gekennzeichnet. Sollten Sie trotzdem auf eine Urheberrechtsverletzung aufmerksam werden, bitten wir um einen entsprechenden Hinweis. Bei Bekanntwerden von Rechtsverletzungen werden wir derartige Inhalte umgehend entfernen.<\/span><br \/><br \/><span style=\"font-weight: bold; font-family: arial, helvetica, sans-serif; color: #000000;\">Datenschutz<\/span><br \/><span style=\"color: #000000; font-family: arial, helvetica, sans-serif;\">Die Nutzung unserer Webseite ist in der Regel ohne Angabe personenbezogener Daten m\u00f6glich. Soweit auf unseren Seiten personenbezogene Daten (beispielsweise Name, Anschrift oder E-Mail-Adressen) erhoben werden, erfolgt dies, soweit m\u00f6glich, stets auf freiwilliger Basis. Diese Daten werden ohne Ihre ausdr\u00fcckliche Zustimmung nicht an Dritte weitergegeben. <\/span><br \/><br \/><span style=\"color: #000000; font-family: arial, helvetica, sans-serif;\">Wir weisen darauf hin, dass die Daten\u00fcbertragung im Internet (z.B. bei der Kommunikation per E-Mail) Sicherheitsl\u00fccken aufweisen kann. Ein l\u00fcckenloser Schutz der Daten vor dem Zugriff durch Dritte ist nicht m\u00f6glich. <\/span><br \/><br \/><span style=\"color: #000000; font-family: arial, helvetica, sans-serif;\">Der Nutzung von im Rahmen der Impressumspflicht ver\u00f6ffentlichten Kontaktdaten durch Dritte zur \u00dcbersendung von nicht ausdr\u00fccklich angeforderter Werbung und Informationsmaterialien wird hiermit ausdr\u00fccklich widersprochen. Die Betreiber der Seiten behalten sich ausdr\u00fccklich rechtliche Schritte im Falle der unverlangten Zusendung von Werbeinformationen, etwa durch Spam-Mails, vor. Mehr: Siehe<\/span> <a href=\"https:\/\/infodienst.info?page_id=3\" class=\"\">Datenschutzerkl\u00e4rung<\/a>.<br \/><br \/><span style=\"font-family: arial, helvetica, sans-serif; color: #000000;\">Stand: 01.05.2025<\/span><\/p>\r\n<a href=\"https:\/\/www.impressum-generator.de\" class=\"\" style=\"font-size: 9.33333px; text-align: left;\">Impressum vom Impressum Generator der Kanzlei Hasselbach, Frankfurt<\/a><\/div>\r\n<\/div>\r\n<\/div>\r\n<\/div>\r\n","protected":false},"excerpt":{"rendered":"","protected":false},"author":1,"featured_media":0,"parent":0,"menu_order":0,"comment_status":"closed","ping_status":"closed","template":"pro\/page-templates\/full-width-page.php","meta":{"footnotes":""},"class_list":["post-49","page","type-page","status-publish","hentry"],"_links":{"self":[{"href":"https:\/\/aeon-z.org\/index.php?rest_route=\/wp\/v2\/pages\/49","targetHints":{"allow":["GET"]}}],"collection":[{"href":"https:\/\/aeon-z.org\/index.php?rest_route=\/wp\/v2\/pages"}],"about":[{"href":"https:\/\/aeon-z.org\/index.php?rest_route=\/wp\/v2\/types\/page"}],"author":[{"embeddable":true,"href":"https:\/\/aeon-z.org\/index.php?rest_route=\/wp\/v2\/users\/1"}],"replies":[{"embeddable":true,"href":"https:\/\/aeon-z.org\/index.php?rest_route=%2Fwp%2Fv2%2Fcomments&post=49"}],"version-history":[{"count":52,"href":"https:\/\/aeon-z.org\/index.php?rest_route=\/wp\/v2\/pages\/49\/revisions"}],"predecessor-version":[{"id":2576,"href":"https:\/\/aeon-z.org\/index.php?rest_route=\/wp\/v2\/pages\/49\/revisions\/2576"}],"wp:attachment":[{"href":"https:\/\/aeon-z.org\/index.php?rest_route=%2Fwp%2Fv2%2Fmedia&parent=49"}],"curies":[{"name":"wp","href":"https:\/\/api.w.org\/{rel}","templated":true}]}}